{"id":5,"date":"2016-10-07T12:29:19","date_gmt":"2016-10-07T10:29:19","guid":{"rendered":"http:\/\/www.leuenberghof.ch\/lh_wp\/?page_id=5"},"modified":"2021-12-12T18:14:12","modified_gmt":"2021-12-12T17:14:12","slug":"home","status":"publish","type":"page","link":"https:\/\/www.leuenberghof.ch\/lh_wp\/","title":{"rendered":"Startseite"},"content":{"rendered":"\n<p>Herzlich Dank, dass sie uns auf unserer Hompage besuchen. Unser Familienbetrieb wird in der dritten Generation gef\u00fchrt. Wir haben unseren Betrieb im 2014 \u00fcbernommen auf Bio umgestellt und sind nun ab 2016 ein Vollknospe Biobetrieb. Auf den folgenden Seiten erfahren sie mehr \u00fcber uns. Viel Spass.<\/p>\n\n\n\n<div class=\"wp-block-jetpack-slideshow aligncenter\" data-autoplay=\"true\" data-delay=\"3\" data-effect=\"slide\"><div class=\"wp-block-jetpack-slideshow_container swiper-container\"><ul class=\"wp-block-jetpack-slideshow_swiper-wrapper swiper-wrapper\"><li class=\"wp-block-jetpack-slideshow_slide swiper-slide\"><figure><img loading=\"lazy\" width=\"800\" height=\"450\" alt=\"\" class=\"wp-block-jetpack-slideshow_image wp-image-79\" data-id=\"79\" src=\"https:\/\/www.leuenberghof.ch\/lh_wp\/wp-content\/uploads\/2018\/03\/Holunder_06_2018.jpg\" srcset=\"https:\/\/www.leuenberghof.ch\/lh_wp\/wp-content\/uploads\/2018\/03\/Holunder_06_2018.jpg 800w, https:\/\/www.leuenberghof.ch\/lh_wp\/wp-content\/uploads\/2018\/03\/Holunder_06_2018-300x169.jpg 300w, https:\/\/www.leuenberghof.ch\/lh_wp\/wp-content\/uploads\/2018\/03\/Holunder_06_2018-768x432.jpg 768w\" sizes=\"(max-width: 800px) 85vw, 800px\" \/><\/figure><\/li><li class=\"wp-block-jetpack-slideshow_slide swiper-slide\"><figure><img loading=\"lazy\" width=\"800\" height=\"450\" alt=\"\" class=\"wp-block-jetpack-slideshow_image wp-image-44\" data-id=\"44\" src=\"https:\/\/www.leuenberghof.ch\/lh_wp\/wp-content\/uploads\/2016\/10\/B2.jpg\" srcset=\"https:\/\/www.leuenberghof.ch\/lh_wp\/wp-content\/uploads\/2016\/10\/B2.jpg 800w, https:\/\/www.leuenberghof.ch\/lh_wp\/wp-content\/uploads\/2016\/10\/B2-300x169.jpg 300w, https:\/\/www.leuenberghof.ch\/lh_wp\/wp-content\/uploads\/2016\/10\/B2-768x432.jpg 768w\" sizes=\"(max-width: 800px) 85vw, 800px\" \/><\/figure><\/li><li class=\"wp-block-jetpack-slideshow_slide swiper-slide\"><figure><img loading=\"lazy\" width=\"800\" height=\"600\" alt=\"\" class=\"wp-block-jetpack-slideshow_image wp-image-230\" data-id=\"230\" src=\"https:\/\/www.leuenberghof.ch\/lh_wp\/wp-content\/uploads\/2021\/12\/20210205_141444.jpg\" srcset=\"https:\/\/www.leuenberghof.ch\/lh_wp\/wp-content\/uploads\/2021\/12\/20210205_141444.jpg 800w, https:\/\/www.leuenberghof.ch\/lh_wp\/wp-content\/uploads\/2021\/12\/20210205_141444-300x225.jpg 300w, https:\/\/www.leuenberghof.ch\/lh_wp\/wp-content\/uploads\/2021\/12\/20210205_141444-768x576.jpg 768w\" sizes=\"(max-width: 800px) 85vw, 800px\" \/><\/figure><\/li><li class=\"wp-block-jetpack-slideshow_slide swiper-slide\"><figure><img loading=\"lazy\" width=\"800\" height=\"450\" alt=\"\" class=\"wp-block-jetpack-slideshow_image wp-image-43\" data-id=\"43\" src=\"https:\/\/www.leuenberghof.ch\/lh_wp\/wp-content\/uploads\/2016\/10\/B1.jpg\" srcset=\"https:\/\/www.leuenberghof.ch\/lh_wp\/wp-content\/uploads\/2016\/10\/B1.jpg 800w, https:\/\/www.leuenberghof.ch\/lh_wp\/wp-content\/uploads\/2016\/10\/B1-300x169.jpg 300w, https:\/\/www.leuenberghof.ch\/lh_wp\/wp-content\/uploads\/2016\/10\/B1-768x432.jpg 768w\" sizes=\"(max-width: 800px) 85vw, 800px\" \/><\/figure><\/li><li class=\"wp-block-jetpack-slideshow_slide swiper-slide\"><figure><img loading=\"lazy\" width=\"1024\" height=\"576\" alt=\"\" class=\"wp-block-jetpack-slideshow_image wp-image-111\" data-id=\"111\" src=\"https:\/\/www.leuenberghof.ch\/lh_wp\/wp-content\/uploads\/2018\/10\/20180730_152431-1024x576.jpg\" srcset=\"https:\/\/www.leuenberghof.ch\/lh_wp\/wp-content\/uploads\/2018\/10\/20180730_152431-1024x576.jpg 1024w, https:\/\/www.leuenberghof.ch\/lh_wp\/wp-content\/uploads\/2018\/10\/20180730_152431-300x169.jpg 300w, https:\/\/www.leuenberghof.ch\/lh_wp\/wp-content\/uploads\/2018\/10\/20180730_152431-768x432.jpg 768w, https:\/\/www.leuenberghof.ch\/lh_wp\/wp-content\/uploads\/2018\/10\/20180730_152431.jpg 1067w\" sizes=\"(max-width: 709px) 85vw, (max-width: 909px) 67vw, (max-width: 1362px) 62vw, 840px\" \/><\/figure><\/li><li class=\"wp-block-jetpack-slideshow_slide swiper-slide\"><figure><img loading=\"lazy\" width=\"800\" height=\"600\" alt=\"\" class=\"wp-block-jetpack-slideshow_image wp-image-46\" data-id=\"46\" src=\"https:\/\/www.leuenberghof.ch\/lh_wp\/wp-content\/uploads\/2016\/10\/H1.jpg\" srcset=\"https:\/\/www.leuenberghof.ch\/lh_wp\/wp-content\/uploads\/2016\/10\/H1.jpg 800w, https:\/\/www.leuenberghof.ch\/lh_wp\/wp-content\/uploads\/2016\/10\/H1-300x225.jpg 300w, https:\/\/www.leuenberghof.ch\/lh_wp\/wp-content\/uploads\/2016\/10\/H1-768x576.jpg 768w\" sizes=\"(max-width: 800px) 85vw, 800px\" \/><\/figure><\/li><li class=\"wp-block-jetpack-slideshow_slide swiper-slide\"><figure><img loading=\"lazy\" width=\"1024\" height=\"576\" alt=\"\" class=\"wp-block-jetpack-slideshow_image wp-image-143\" data-id=\"143\" src=\"https:\/\/www.leuenberghof.ch\/lh_wp\/wp-content\/uploads\/2018\/10\/20180919_102958-1024x576.jpg\" srcset=\"https:\/\/www.leuenberghof.ch\/lh_wp\/wp-content\/uploads\/2018\/10\/20180919_102958-1024x576.jpg 1024w, https:\/\/www.leuenberghof.ch\/lh_wp\/wp-content\/uploads\/2018\/10\/20180919_102958-300x169.jpg 300w, https:\/\/www.leuenberghof.ch\/lh_wp\/wp-content\/uploads\/2018\/10\/20180919_102958-768x432.jpg 768w, https:\/\/www.leuenberghof.ch\/lh_wp\/wp-content\/uploads\/2018\/10\/20180919_102958.jpg 1067w\" sizes=\"(max-width: 709px) 85vw, (max-width: 909px) 67vw, (max-width: 1362px) 62vw, 840px\" \/><\/figure><\/li><\/ul><a class=\"wp-block-jetpack-slideshow_button-prev swiper-button-prev swiper-button-white\" role=\"button\"><\/a><a class=\"wp-block-jetpack-slideshow_button-next swiper-button-next swiper-button-white\" role=\"button\"><\/a><a aria-label=\"Pause Slideshow\" class=\"wp-block-jetpack-slideshow_button-pause\" role=\"button\"><\/a><div class=\"wp-block-jetpack-slideshow_pagination swiper-pagination swiper-pagination-white\"><\/div><\/div><\/div>\n","protected":false},"excerpt":{"rendered":"<p>Herzlich Dank, dass sie uns auf unserer Hompage besuchen. Unser Familienbetrieb wird in der dritten Generation gef\u00fchrt. Wir haben unseren Betrieb im 2014 \u00fcbernommen auf Bio umgestellt und sind nun ab 2016 ein Vollknospe Biobetrieb. Auf den folgenden Seiten erfahren sie mehr \u00fcber uns. Viel Spass.<\/p>\n","protected":false},"author":1,"featured_media":0,"parent":0,"menu_order":0,"comment_status":"closed","ping_status":"closed","template":"","meta":{"spay_email":""},"yoast_head":"<!-- This site is optimized with the Yoast SEO plugin v17.7.1 - https:\/\/yoast.com\/wordpress\/plugins\/seo\/ -->\n<title>Startseite -<\/title>\n<meta name=\"robots\" content=\"index, follow, max-snippet:-1, max-image-preview:large, max-video-preview:-1\" \/>\n<link rel=\"canonical\" href=\"https:\/\/www.leuenberghof.ch\/lh_wp\/\" \/>\n<meta property=\"og:locale\" content=\"de_DE\" \/>\n<meta property=\"og:type\" content=\"article\" \/>\n<meta property=\"og:title\" content=\"Startseite -\" \/>\n<meta property=\"og:description\" content=\"Herzlich Dank, dass sie uns auf unserer Hompage besuchen. Unser Familienbetrieb wird in der dritten Generation gef\u00fchrt. Wir haben unseren Betrieb im 2014 \u00fcbernommen auf Bio umgestellt und sind nun ab 2016 ein Vollknospe Biobetrieb. Auf den folgenden Seiten erfahren sie mehr \u00fcber uns. Viel Spass.\" \/>\n<meta property=\"og:url\" content=\"https:\/\/www.leuenberghof.ch\/lh_wp\/\" \/>\n<meta property=\"article:modified_time\" content=\"2021-12-12T17:14:12+00:00\" \/>\n<meta property=\"og:image\" content=\"https:\/\/www.leuenberghof.ch\/lh_wp\/wp-content\/uploads\/2018\/03\/Holunder_06_2018.jpg\" \/>\n<meta name=\"twitter:card\" content=\"summary\" \/>\n<meta name=\"twitter:label1\" content=\"Gesch\u00e4tzte Lesezeit\" \/>\n\t<meta name=\"twitter:data1\" content=\"2\u00a0Minuten\" \/>\n<script type=\"application\/ld+json\" class=\"yoast-schema-graph\">{\"@context\":\"https:\/\/schema.org\",\"@graph\":[{\"@type\":\"WebSite\",\"@id\":\"https:\/\/www.leuenberghof.ch\/lh_wp\/#website\",\"url\":\"https:\/\/www.leuenberghof.ch\/lh_wp\/\",\"name\":\"Leuenberghof\",\"description\":\"\",\"potentialAction\":[{\"@type\":\"SearchAction\",\"target\":{\"@type\":\"EntryPoint\",\"urlTemplate\":\"https:\/\/www.leuenberghof.ch\/lh_wp\/?s={search_term_string}\"},\"query-input\":\"required name=search_term_string\"}],\"inLanguage\":\"de\"},{\"@type\":\"ImageObject\",\"@id\":\"https:\/\/www.leuenberghof.ch\/lh_wp\/#primaryimage\",\"inLanguage\":\"de\",\"url\":\"https:\/\/www.leuenberghof.ch\/lh_wp\/wp-content\/uploads\/2018\/03\/Holunder_06_2018.jpg\",\"contentUrl\":\"https:\/\/www.leuenberghof.ch\/lh_wp\/wp-content\/uploads\/2018\/03\/Holunder_06_2018.jpg\",\"width\":800,\"height\":450},{\"@type\":\"WebPage\",\"@id\":\"https:\/\/www.leuenberghof.ch\/lh_wp\/#webpage\",\"url\":\"https:\/\/www.leuenberghof.ch\/lh_wp\/\",\"name\":\"Startseite -\",\"isPartOf\":{\"@id\":\"https:\/\/www.leuenberghof.ch\/lh_wp\/#website\"},\"primaryImageOfPage\":{\"@id\":\"https:\/\/www.leuenberghof.ch\/lh_wp\/#primaryimage\"},\"datePublished\":\"2016-10-07T10:29:19+00:00\",\"dateModified\":\"2021-12-12T17:14:12+00:00\",\"breadcrumb\":{\"@id\":\"https:\/\/www.leuenberghof.ch\/lh_wp\/#breadcrumb\"},\"inLanguage\":\"de\",\"potentialAction\":[{\"@type\":\"ReadAction\",\"target\":[\"https:\/\/www.leuenberghof.ch\/lh_wp\/\"]}]},{\"@type\":\"BreadcrumbList\",\"@id\":\"https:\/\/www.leuenberghof.ch\/lh_wp\/#breadcrumb\",\"itemListElement\":[{\"@type\":\"ListItem\",\"position\":1,\"name\":\"Startseite\",\"item\":\"https:\/\/www.leuenberghof.ch\/lh_wp\/\"},{\"@type\":\"ListItem\",\"position\":2,\"name\":\"Startseite\"}]}]}<\/script>\n<!-- \/ Yoast SEO plugin. -->","yoast_head_json":{"title":"Startseite -","robots":{"index":"index","follow":"follow","max-snippet":"max-snippet:-1","max-image-preview":"max-image-preview:large","max-video-preview":"max-video-preview:-1"},"canonical":"https:\/\/www.leuenberghof.ch\/lh_wp\/","og_locale":"de_DE","og_type":"article","og_title":"Startseite -","og_description":"Herzlich Dank, dass sie uns auf unserer Hompage besuchen. Unser Familienbetrieb wird in der dritten Generation gef\u00fchrt. Wir haben unseren Betrieb im 2014 \u00fcbernommen auf Bio umgestellt und sind nun ab 2016 ein Vollknospe Biobetrieb. Auf den folgenden Seiten erfahren sie mehr \u00fcber uns. Viel Spass.","og_url":"https:\/\/www.leuenberghof.ch\/lh_wp\/","article_modified_time":"2021-12-12T17:14:12+00:00","og_image":[{"url":"https:\/\/www.leuenberghof.ch\/lh_wp\/wp-content\/uploads\/2018\/03\/Holunder_06_2018.jpg"}],"twitter_card":"summary","twitter_misc":{"Gesch\u00e4tzte Lesezeit":"2\u00a0Minuten"},"schema":{"@context":"https:\/\/schema.org","@graph":[{"@type":"WebSite","@id":"https:\/\/www.leuenberghof.ch\/lh_wp\/#website","url":"https:\/\/www.leuenberghof.ch\/lh_wp\/","name":"Leuenberghof","description":"","potentialAction":[{"@type":"SearchAction","target":{"@type":"EntryPoint","urlTemplate":"https:\/\/www.leuenberghof.ch\/lh_wp\/?s={search_term_string}"},"query-input":"required name=search_term_string"}],"inLanguage":"de"},{"@type":"ImageObject","@id":"https:\/\/www.leuenberghof.ch\/lh_wp\/#primaryimage","inLanguage":"de","url":"https:\/\/www.leuenberghof.ch\/lh_wp\/wp-content\/uploads\/2018\/03\/Holunder_06_2018.jpg","contentUrl":"https:\/\/www.leuenberghof.ch\/lh_wp\/wp-content\/uploads\/2018\/03\/Holunder_06_2018.jpg","width":800,"height":450},{"@type":"WebPage","@id":"https:\/\/www.leuenberghof.ch\/lh_wp\/#webpage","url":"https:\/\/www.leuenberghof.ch\/lh_wp\/","name":"Startseite -","isPartOf":{"@id":"https:\/\/www.leuenberghof.ch\/lh_wp\/#website"},"primaryImageOfPage":{"@id":"https:\/\/www.leuenberghof.ch\/lh_wp\/#primaryimage"},"datePublished":"2016-10-07T10:29:19+00:00","dateModified":"2021-12-12T17:14:12+00:00","breadcrumb":{"@id":"https:\/\/www.leuenberghof.ch\/lh_wp\/#breadcrumb"},"inLanguage":"de","potentialAction":[{"@type":"ReadAction","target":["https:\/\/www.leuenberghof.ch\/lh_wp\/"]}]},{"@type":"BreadcrumbList","@id":"https:\/\/www.leuenberghof.ch\/lh_wp\/#breadcrumb","itemListElement":[{"@type":"ListItem","position":1,"name":"Startseite","item":"https:\/\/www.leuenberghof.ch\/lh_wp\/"},{"@type":"ListItem","position":2,"name":"Startseite"}]}]}},"_links":{"self":[{"href":"https:\/\/www.leuenberghof.ch\/lh_wp\/wp-json\/wp\/v2\/pages\/5"}],"collection":[{"href":"https:\/\/www.leuenberghof.ch\/lh_wp\/wp-json\/wp\/v2\/pages"}],"about":[{"href":"https:\/\/www.leuenberghof.ch\/lh_wp\/wp-json\/wp\/v2\/types\/page"}],"author":[{"embeddable":true,"href":"https:\/\/www.leuenberghof.ch\/lh_wp\/wp-json\/wp\/v2\/users\/1"}],"replies":[{"embeddable":true,"href":"https:\/\/www.leuenberghof.ch\/lh_wp\/wp-json\/wp\/v2\/comments?post=5"}],"version-history":[{"count":13,"href":"https:\/\/www.leuenberghof.ch\/lh_wp\/wp-json\/wp\/v2\/pages\/5\/revisions"}],"predecessor-version":[{"id":235,"href":"https:\/\/www.leuenberghof.ch\/lh_wp\/wp-json\/wp\/v2\/pages\/5\/revisions\/235"}],"wp:attachment":[{"href":"https:\/\/www.leuenberghof.ch\/lh_wp\/wp-json\/wp\/v2\/media?parent=5"}],"curies":[{"name":"wp","href":"https:\/\/api.w.org\/{rel}","templated":true}]}}